{"id":31,"date":"2022-11-21T16:03:50","date_gmt":"2022-11-21T16:03:50","guid":{"rendered":"https:\/\/xirimites.com\/?page_id=31"},"modified":"2023-12-31T23:48:54","modified_gmt":"2023-12-31T21:48:54","slug":"inicio","status":"publish","type":"page","link":"https:\/\/xirimites.com\/","title":{"rendered":"Inici"},"content":{"rendered":"\t\t<div data-elementor-type=\"wp-page\" data-elementor-id=\"31\" class=\"elementor elementor-31\">\n\t\t\t\t\t\t<section class=\"elementor-section elementor-top-section elementor-element elementor-element-e93cb8d elementor-section-height-min-height elementor-section-boxed elementor-section-height-default elementor-section-items-middle\" data-id=\"e93cb8d\" data-element_type=\"section\" data-settings=\"{&quot;background_background&quot;:&quot;classic&quot;}\">\n\t\t\t\t\t\t\t<div class=\"elementor-background-overlay\"><\/div>\n\t\t\t\t\t\t\t<div class=\"elementor-container elementor-column-gap-default\">\n\t\t\t\t\t<div class=\"elementor-column elementor-col-66 elementor-top-column elementor-element elementor-element-190fd1d7\" data-id=\"190fd1d7\" data-element_type=\"column\">\n\t\t\t<div class=\"elementor-widget-wrap elementor-element-populated\">\n\t\t\t\t\t\t<div class=\"elementor-element elementor-element-56fcb1f7 elementor-widget elementor-widget-heading\" data-id=\"56fcb1f7\" data-element_type=\"widget\" data-widget_type=\"heading.default\">\n\t\t\t\t<div class=\"elementor-widget-container\">\n\t\t\t\t\t<h1 class=\"elementor-heading-title elementor-size-default\">Luthier<br>MRm music<\/h1>\t\t\t\t<\/div>\n\t\t\t\t<\/div>\n\t\t\t\t<div class=\"elementor-element elementor-element-195a4ea5 elementor-widget elementor-widget-heading\" data-id=\"195a4ea5\" data-element_type=\"widget\" data-widget_type=\"heading.default\">\n\t\t\t\t<div class=\"elementor-widget-container\">\n\t\t\t\t\t<p class=\"elementor-heading-title elementor-size-default\">MRm music (<i><b>M<\/b>ullo<b>R<\/b> <b>m<\/b>\u00fasica<\/i>) va n\u00e0ixer en&nbsp;2016,&nbsp;&nbsp;en la localitat d' Ontinyent (Val\u00e8ncia). <br>Fabriquem:<br>- <b>dol\u00e7aines&nbsp;afinades en SOL i en FA<\/b>,&nbsp;<br><b>- postisses <\/b>de balls populars, <br><b>- closques <\/b>de gegants i cabets, <br>De manera <b>totalment artesanal<\/b>,&nbsp;&nbsp;<br>conservant l'es\u00e8ncia i l'originalitat d'aquestos instruments. <br><br><b>Tenim una misi\u00f3:<\/b><br>crear els millors instruments tradicionals del mercat, ajustats a les teues necessitats. <br><b>Instruments artesanals i personalitzats.<\/b><\/p>\t\t\t\t<\/div>\n\t\t\t\t<\/div>\n\t\t\t\t<div class=\"elementor-element elementor-element-7964a57 elementor-widget elementor-widget-button\" data-id=\"7964a57\" data-element_type=\"widget\" data-widget_type=\"button.default\">\n\t\t\t\t<div class=\"elementor-widget-container\">\n\t\t\t\t\t\t\t\t\t<div class=\"elementor-button-wrapper\">\n\t\t\t\t\t<a class=\"elementor-button elementor-button-link elementor-size-lg\" href=\"https:\/\/xirimites.com\/?page_id=36\" target=\"_blank\">\n\t\t\t\t\t\t<span class=\"elementor-button-content-wrapper\">\n\t\t\t\t\t\t<span class=\"elementor-button-icon\">\n\t\t\t\t<i aria-hidden=\"true\" class=\"fas fa-music\"><\/i>\t\t\t<\/span>\n\t\t\t\t\t\t\t\t\t<span class=\"elementor-button-text\">els nostres INSTRUMENTS<\/span>\n\t\t\t\t\t<\/span>\n\t\t\t\t\t<\/a>\n\t\t\t\t<\/div>\n\t\t\t\t\t\t\t\t<\/div>\n\t\t\t\t<\/div>\n\t\t\t\t\t<\/div>\n\t\t<\/div>\n\t\t\t\t<div class=\"elementor-column elementor-col-33 elementor-top-column elementor-element elementor-element-1a1ceee7\" data-id=\"1a1ceee7\" data-element_type=\"column\">\n\t\t\t<div class=\"elementor-widget-wrap elementor-element-populated\">\n\t\t\t\t\t\t<div class=\"elementor-element elementor-element-0088e02 elementor-widget elementor-widget-image\" data-id=\"0088e02\" data-element_type=\"widget\" data-widget_type=\"image.default\">\n\t\t\t\t<div class=\"elementor-widget-container\">\n\t\t\t\t\t\t\t\t\t\t\t\t\t\t\t<img decoding=\"async\" width=\"204\" height=\"107\" src=\"https:\/\/xirimites.com\/wp-content\/uploads\/2023\/01\/cropped-logo-en-gris-png.webp\" class=\"attachment-medium_large size-medium_large wp-image-414\" alt=\"\" \/>\t\t\t\t\t\t\t\t\t\t\t\t\t\t\t<\/div>\n\t\t\t\t<\/div>\n\t\t\t\t\t<\/div>\n\t\t<\/div>\n\t\t\t\t\t<\/div>\n\t\t<\/section>\n\t\t\t\t<section class=\"elementor-section elementor-top-section elementor-element elementor-element-ee09407 elementor-section-boxed elementor-section-height-default elementor-section-height-default\" data-id=\"ee09407\" data-element_type=\"section\">\n\t\t\t\t\t\t<div class=\"elementor-container elementor-column-gap-default\">\n\t\t\t\t\t<div class=\"elementor-column elementor-col-33 elementor-top-column elementor-element elementor-element-a40439a\" data-id=\"a40439a\" data-element_type=\"column\">\n\t\t\t<div class=\"elementor-widget-wrap elementor-element-populated\">\n\t\t\t\t\t\t<div class=\"elementor-element elementor-element-8696c2d elementor-widget elementor-widget-image\" data-id=\"8696c2d\" data-element_type=\"widget\" data-widget_type=\"image.default\">\n\t\t\t\t<div class=\"elementor-widget-container\">\n\t\t\t\t\t\t\t\t\t\t\t\t\t\t\t<img fetchpriority=\"high\" decoding=\"async\" width=\"768\" height=\"768\" src=\"https:\/\/xirimites.com\/wp-content\/uploads\/2023\/01\/Castanuelas-olivo-2-1024x1024-1-768x768.jpg\" class=\"attachment-medium_large size-medium_large wp-image-389\" alt=\"\" srcset=\"https:\/\/xirimites.com\/wp-content\/uploads\/2023\/01\/Castanuelas-olivo-2-1024x1024-1-768x768.jpg 768w, https:\/\/xirimites.com\/wp-content\/uploads\/2023\/01\/Castanuelas-olivo-2-1024x1024-1-300x300.jpg 300w, https:\/\/xirimites.com\/wp-content\/uploads\/2023\/01\/Castanuelas-olivo-2-1024x1024-1.jpg 1024w, https:\/\/xirimites.com\/wp-content\/uploads\/2023\/01\/Castanuelas-olivo-2-1024x1024-1-150x150.jpg 150w\" sizes=\"(max-width: 768px) 100vw, 768px\" \/>\t\t\t\t\t\t\t\t\t\t\t\t\t\t\t<\/div>\n\t\t\t\t<\/div>\n\t\t\t\t\t<\/div>\n\t\t<\/div>\n\t\t\t\t<div class=\"elementor-column elementor-col-33 elementor-top-column elementor-element elementor-element-1125310\" data-id=\"1125310\" data-element_type=\"column\">\n\t\t\t<div class=\"elementor-widget-wrap elementor-element-populated\">\n\t\t\t\t\t\t<div class=\"elementor-element elementor-element-5898775 elementor-widget elementor-widget-image\" data-id=\"5898775\" data-element_type=\"widget\" data-widget_type=\"image.default\">\n\t\t\t\t<div class=\"elementor-widget-container\">\n\t\t\t\t\t\t\t\t\t\t\t\t\t\t\t<img decoding=\"async\" width=\"1024\" height=\"678\" src=\"https:\/\/xirimites.com\/wp-content\/uploads\/2022\/12\/Campana-olivo-fa-1024x678.jpg\" class=\"attachment-large size-large wp-image-116\" alt=\"\" srcset=\"https:\/\/xirimites.com\/wp-content\/uploads\/2022\/12\/Campana-olivo-fa-1024x678.jpg 1024w, https:\/\/xirimites.com\/wp-content\/uploads\/2022\/12\/Campana-olivo-fa-300x199.jpg 300w, https:\/\/xirimites.com\/wp-content\/uploads\/2022\/12\/Campana-olivo-fa-768x509.jpg 768w, https:\/\/xirimites.com\/wp-content\/uploads\/2022\/12\/Campana-olivo-fa-1536x1017.jpg 1536w, https:\/\/xirimites.com\/wp-content\/uploads\/2022\/12\/Campana-olivo-fa-2048x1356.jpg 2048w\" sizes=\"(max-width: 1024px) 100vw, 1024px\" \/>\t\t\t\t\t\t\t\t\t\t\t\t\t\t\t<\/div>\n\t\t\t\t<\/div>\n\t\t\t\t\t<\/div>\n\t\t<\/div>\n\t\t\t\t<div class=\"elementor-column elementor-col-33 elementor-top-column elementor-element elementor-element-5d5c414\" data-id=\"5d5c414\" data-element_type=\"column\">\n\t\t\t<div class=\"elementor-widget-wrap elementor-element-populated\">\n\t\t\t\t\t\t<div class=\"elementor-element elementor-element-f0f2d0c elementor-widget elementor-widget-image\" data-id=\"f0f2d0c\" data-element_type=\"widget\" data-widget_type=\"image.default\">\n\t\t\t\t<div class=\"elementor-widget-container\">\n\t\t\t\t\t\t\t\t\t\t\t\t\t\t\t<img loading=\"lazy\" decoding=\"async\" width=\"500\" height=\"500\" src=\"https:\/\/xirimites.com\/wp-content\/uploads\/2023\/12\/Talla-500x500-1.png\" class=\"attachment-large size-large wp-image-746\" alt=\"\" srcset=\"https:\/\/xirimites.com\/wp-content\/uploads\/2023\/12\/Talla-500x500-1.png 500w, https:\/\/xirimites.com\/wp-content\/uploads\/2023\/12\/Talla-500x500-1-300x300.png 300w, https:\/\/xirimites.com\/wp-content\/uploads\/2023\/12\/Talla-500x500-1-150x150.png 150w\" sizes=\"(max-width: 500px) 100vw, 500px\" \/>\t\t\t\t\t\t\t\t\t\t\t\t\t\t\t<\/div>\n\t\t\t\t<\/div>\n\t\t\t\t\t<\/div>\n\t\t<\/div>\n\t\t\t\t\t<\/div>\n\t\t<\/section>\n\t\t\t\t<\/div>\n\t\t","protected":false},"excerpt":{"rendered":"<p>LuthierMRm music MRm music (MulloR m\u00fasica) va n\u00e0ixer en&nbsp;2016,&nbsp;&nbsp;en la localitat d&#8217; Ontinyent (Val\u00e8ncia). Fabriquem:&#8211; [&hellip;]<\/p>\n","protected":false},"author":1,"featured_media":0,"parent":0,"menu_order":0,"comment_status":"closed","ping_status":"closed","template":"","meta":{"site-sidebar-layout":"no-sidebar","site-content-layout":"page-builder","ast-site-content-layout":"default","site-content-style":"default","site-sidebar-style":"default","ast-global-header-display":"","ast-banner-title-visibility":"","ast-main-header-display":"","ast-hfb-above-header-display":"","ast-hfb-below-header-display":"","ast-hfb-mobile-header-display":"","site-post-title":"disabled","ast-breadcrumbs-content":"","ast-featured-img":"disabled","footer-sml-layout":"","theme-transparent-header-meta":"","adv-header-id-meta":"","stick-header-meta":"","header-above-stick-meta":"","header-main-stick-meta":"","header-below-stick-meta":"","astra-migrate-meta-layouts":"default","ast-page-background-enabled":"default","ast-page-background-meta":{"desktop":{"background-color":"","background-image":"","background-repeat":"repeat","background-position":"center center","background-size":"auto","background-attachment":"scroll","background-type":"","background-media":"","overlay-type":"","overlay-color":"","overlay-opacity":"","overlay-gradient":""},"tablet":{"background-color":"","background-image":"","background-repeat":"repeat","background-position":"center center","background-size":"auto","background-attachment":"scroll","background-type":"","background-media":"","overlay-type":"","overlay-color":"","overlay-opacity":"","overlay-gradient":""},"mobile":{"background-color":"","background-image":"","background-repeat":"repeat","background-position":"center center","background-size":"auto","background-attachment":"scroll","background-type":"","background-media":"","overlay-type":"","overlay-color":"","overlay-opacity":"","overlay-gradient":""}},"ast-content-background-meta":{"desktop":{"background-color":"var(--ast-global-color-5)","background-image":"","background-repeat":"repeat","background-position":"center center","background-size":"auto","background-attachment":"scroll","background-type":"","background-media":"","overlay-type":"","overlay-color":"","overlay-opacity":"","overlay-gradient":""},"tablet":{"background-color":"var(--ast-global-color-5)","background-image":"","background-repeat":"repeat","background-position":"center center","background-size":"auto","background-attachment":"scroll","background-type":"","background-media":"","overlay-type":"","overlay-color":"","overlay-opacity":"","overlay-gradient":""},"mobile":{"background-color":"var(--ast-global-color-5)","background-image":"","background-repeat":"repeat","background-position":"center center","background-size":"auto","background-attachment":"scroll","background-type":"","background-media":"","overlay-type":"","overlay-color":"","overlay-opacity":"","overlay-gradient":""}},"footnotes":""},"class_list":["post-31","page","type-page","status-publish","hentry"],"_links":{"self":[{"href":"https:\/\/xirimites.com\/index.php?rest_route=\/wp\/v2\/pages\/31","targetHints":{"allow":["GET"]}}],"collection":[{"href":"https:\/\/xirimites.com\/index.php?rest_route=\/wp\/v2\/pages"}],"about":[{"href":"https:\/\/xirimites.com\/index.php?rest_route=\/wp\/v2\/types\/page"}],"author":[{"embeddable":true,"href":"https:\/\/xirimites.com\/index.php?rest_route=\/wp\/v2\/users\/1"}],"replies":[{"embeddable":true,"href":"https:\/\/xirimites.com\/index.php?rest_route=%2Fwp%2Fv2%2Fcomments&post=31"}],"version-history":[{"count":77,"href":"https:\/\/xirimites.com\/index.php?rest_route=\/wp\/v2\/pages\/31\/revisions"}],"predecessor-version":[{"id":773,"href":"https:\/\/xirimites.com\/index.php?rest_route=\/wp\/v2\/pages\/31\/revisions\/773"}],"wp:attachment":[{"href":"https:\/\/xirimites.com\/index.php?rest_route=%2Fwp%2Fv2%2Fmedia&parent=31"}],"curies":[{"name":"wp","href":"https:\/\/api.w.org\/{rel}","templated":true}]}}